{"id":791,"date":"2026-01-17T12:25:50","date_gmt":"2026-01-17T11:25:50","guid":{"rendered":"https:\/\/clickstop.fr\/?post_type=product&#038;p=791"},"modified":"2026-01-26T14:57:35","modified_gmt":"2026-01-26T13:57:35","slug":"doblo-2022-58990km","status":"publish","type":"product","link":"https:\/\/clickstop.fr\/index.php\/produit\/doblo-2022-58990km\/","title":{"rendered":"Inscrivez vous pour ne pas rater cette vente"},"content":{"rendered":"<p style=\"padding-left: 40px;\">Doblo 2022 &#8211;<\/p>\n<p>58990km<\/p>\n<p>Irr\u00e9prochable, visible \u00e0 Cassis 13 sur rendez-vous \u00e0 Clickstop.fr@gmail.com qui transmettra (Precisez DOBLO )<\/p>\n","protected":false},"excerpt":{"rendered":"<p>Doblo 2022 &#8211; 58990km Irr\u00e9prochable, visible \u00e0 Cassis 13 sur rendez-vous \u00e0 Clickstop.fr@gmail.com qui transmettra (Precisez DOBLO )<\/p>\n","protected":false},"featured_media":795,"comment_status":"open","ping_status":"closed","template":"","meta":{"jetpack_publicize_message":"","jetpack_is_tweetstorm":false,"jetpack_publicize_feature_enabled":true,"jetpack_social_post_already_shared":true,"jetpack_social_options":{"image_generator_settings":{"template":"highway","enabled":false}}},"product_cat":[26],"product_tag":[],"jetpack_publicize_connections":[],"_links":{"self":[{"href":"https:\/\/clickstop.fr\/index.php\/wp-json\/wp\/v2\/product\/791"}],"collection":[{"href":"https:\/\/clickstop.fr\/index.php\/wp-json\/wp\/v2\/product"}],"about":[{"href":"https:\/\/clickstop.fr\/index.php\/wp-json\/wp\/v2\/types\/product"}],"replies":[{"embeddable":true,"href":"https:\/\/clickstop.fr\/index.php\/wp-json\/wp\/v2\/comments?post=791"}],"wp:featuredmedia":[{"embeddable":true,"href":"https:\/\/clickstop.fr\/index.php\/wp-json\/wp\/v2\/media\/795"}],"wp:attachment":[{"href":"https:\/\/clickstop.fr\/index.php\/wp-json\/wp\/v2\/media?parent=791"}],"wp:term":[{"taxonomy":"product_cat","embeddable":true,"href":"https:\/\/clickstop.fr\/index.php\/wp-json\/wp\/v2\/product_cat?post=791"},{"taxonomy":"product_tag","embeddable":true,"href":"https:\/\/clickstop.fr\/index.php\/wp-json\/wp\/v2\/product_tag?post=791"}],"curies":[{"name":"wp","href":"https:\/\/api.w.org\/{rel}","templated":true}]}}