{"id":721,"date":"2023-03-09T19:07:20","date_gmt":"2023-03-09T18:07:20","guid":{"rendered":"https:\/\/clickstop.fr\/?post_type=product&#038;p=721"},"modified":"2026-01-16T17:08:30","modified_gmt":"2026-01-16T16:08:30","slug":"poele-a-bois-rond-ferlux-elypse-panoramique-6-kw-sur-pied-central","status":"publish","type":"product","link":"https:\/\/clickstop.fr\/index.php\/produit\/poele-a-bois-rond-ferlux-elypse-panoramique-6-kw-sur-pied-central\/","title":{"rendered":"Po\u00eale \u00e0 Bois Rond Ferlux Elypse Panoramique 6 kW sur pied Central"},"content":{"rendered":"<h4 class=\"zone2\"><strong>Livraison en bas de chez vous Gratuite<\/strong><\/h4>\n<p><strong>Po\u00eale \u00e0 Bois Rond Ferlux Elypse Panoramique 6 kW sur pied Central<\/strong>.<br \/>\nLe po\u00eale \u00e0 bois Rond Elypse 6 kW Ferlux panoramique et moderne s\u2019int\u00e8gre parfaitement \u00e0 tous les int\u00e9rieurs et cr\u00e9e une atmosph\u00e8re chaleureuse et confortable jusqu&rsquo;\u00e0 203m3.<br \/>\nRendement : 81.3 % EcoDesign 2022.<br \/>\nPuissance calorifique nominale : 6 kW \u2013 Puissance calorifique maximale : 6 kW &#8211; Rendement : 81,1%<br \/>\n&#8211; Volume de chauffe maxi conseill\u00e9 : 170 m3 \u2013 B\u00fbches 33 cm<br \/>\n&#8211; Sur pied central<\/p>\n<p><strong>Le po\u00eale \u00e0 bois Elypse 6 kW Ferlux<\/strong> fournit un excellent rendement tout en \u00e9conomisant l&rsquo;\u00e9nergie dans votre maison. Son style panoramique et moderne s\u2019int\u00e8gre parfaitement \u00e0 tous les int\u00e9rieurs et cr\u00e9e une atmosph\u00e8re chaleureuse et confortable. Il chauffe parfaitement les grandes pi\u00e8ces jusqu&rsquo;\u00e0 203m3.<br \/>\nRendement : 81.3 %<br \/>\nEcoDesign 2022<br \/>\nId\u00e9al pour chauffer une pi\u00e8ce de 50 \u00e0 140m\u00b2<br \/>\nMont\u00e9e rapide en temp\u00e9rature, vous n&rsquo;allez pas attendre longtemps pour vous r\u00e9chauffer<br \/>\nLa double combustion am\u00e9liore le rendement du po\u00eale gr\u00e2ce \u00e0 deux entr\u00e9es d&rsquo;air qui permettent de mieux br\u00fbler le bois<br \/>\nPermet un rendement \u00e9nerg\u00e9tique de chaleur \u00e0 81.1% tout en r\u00e9duisant les \u00e9missions de monoxydes de carbone, de polluants dans les concentrations de fum\u00e9es et les particules fines<\/p>\n<p>Le syst\u00e8me vitre propre emp\u00eache l&rsquo;apparition de suie sur la vitre pendant la combustion pour que vous accordiez moins de temps au nettoyage de votre po\u00eale.<br \/>\nAdapt\u00e9 \u00e0 des B\u00fbches de 33 cm max<br \/>\nLe po\u00eale \u00e0 bois ELYPSE Ferlux est en acier au carbone avec une chambre de combustion en vermiculite.<br \/>\nLe po\u00eale \u00e0 bois ELYPSE Ferlux est dot\u00e9s de la caract\u00e9ristique ECODESIGN 2022, synonyme de haute performance et respect de l&rsquo;environnement.<br \/>\nLe po\u00eale \u00e0 bois ELYPSE Ferlux atteint le confort thermique utilisable dans la pi\u00e8ce principale par convection naturelle de l&rsquo;air chauff\u00e9 gr\u00e2ce \u00e0 la combustion du bois.<br \/>\nPour contr\u00f4ler la combustion (dur\u00e9e et apport de chaleur), le po\u00eale dispose d&rsquo;un r\u00e9gulateur qui agit sur le d\u00e9bit d&rsquo;air et en plus un deuxi\u00e8me r\u00e9gulateur qui modifie le d\u00e9bit d&rsquo;air secondaire, avec le syst\u00e8me de vitre propre.<\/p>\n<p><strong>En savoir plus<\/strong>:<br \/>\n<strong>Aire Primaire:<\/strong> Il se trouve au bas de l\u2019appareil. Nos \u00e9quipements vous per[1]mettent de r\u00e9gler cette prise d&rsquo;air, selon que vous voulez plus ou moins de flamme, en r\u00e9duisant la consommation de b\u00fbches pour ainsi obtenir une combustion plus efficace<\/p>\n<p><strong>Air Secondaire:<\/strong> Il se trouve sur le dessus des \u00e9quipes. Il s&rsquo;agit d&rsquo;un air pr\u00e9chauff\u00e9 qui est introduit dans la chambre de combustion qui favorise le nettoyage du verre, r\u00e9duit les \u00e9missions dans l&rsquo;environnement et augmente les performances de l&rsquo;\u00e9quipement.<\/p>\n<p><strong>Verre Propre:<\/strong>Au niveau de la partie interne de la vitre, un rideau d\u2019air \u00e9vite que les fum\u00e9es de la combustion entrent en contact avec la vitre, ce qui permet de voir la flamme longtemps et une meilleure combustion. Nous contribuons aussi \u00e0 r\u00e9duire les \u00e9missions et la consommation de combustible.<\/p>\n<p><strong>Triple Combustion:<\/strong> Syst\u00e8me avec lequel se produit une troisi\u00e8me combustion des gaz non br\u00fbl\u00e9s lors de la premi\u00e8re et la deuxi\u00e8me combustion, pour augmenter les performances, r\u00e9duire la consommation de carburant et ainsi baisser radicalement les \u00e9missions dans l&rsquo;environnement.<\/p>\n<p><strong>Vermiculite:<\/strong> La chambre de combustion enti\u00e8rement recouverte de ce mat\u00e9riau qui est r\u00e9sistant aux temp\u00e9ratures \u00e9lev\u00e9es et au contact prolong\u00e9 avec la flamme. \u00c9tant un mat\u00e9riau hautement r\u00e9fractaire, il garantit une combustion compl\u00e8te, r\u00e9duisant les \u00e9missions dans l&rsquo;atmosph\u00e8re gr\u00e2ce aux temp\u00e9ratures \u00e9lev\u00e9es que la chambre de combustion atteint.<\/p>\n<p><strong>Int\u00e9rieur en mat\u00e9riau r\u00e9fractaire:<\/strong> Le mat\u00e9riau r\u00e9fractaire inclus dans certains de nos mod\u00e8les au niveau de la chambre de combustion donne une touche \u00e9l\u00e9gante et une luminosit\u00e9 au foyer. De plus, sa capacit\u00e9 de r\u00e9tention de la chaleur et d\u2019augmentation du rendement pendant la combustion est notoire.<\/p>\n<p><strong>\u00c9quipement \u00c9tanche: <\/strong>Les \u00e9quipements \u00e9tanches ne consomment pas l\u2019air de la pi\u00e8ce dans laquelle ils sont install\u00e9s. Ne saturant pas l\u2019atmosph\u00e8re et ne r\u00e9duisant pas la quantit\u00e9 d\u2019oxyg\u00e8ne dans cette pi\u00e8ce, il permet d\u2019avoir un plus grand confort.<\/p>\n<p><strong>Air Ext\u00e9rieur:<\/strong> Les \u00e9quipements qui disposent d\u2019une entr\u00e9e d\u2019air ext\u00e9rieur permettent \u00e0 la chemin\u00e9e de travailler d\u2019une mani\u00e8re plus efficace, car on utilise de l\u2019air froid avec une plus grande concentration en oxyg\u00e8ne et azote pour la combustion. Cela permet de r\u00e9duire la consommation de bois de chauffage.<\/p>\n<p><strong>Caract\u00e9ristiques techniques\u00a0<\/strong>:<br \/>\nEcoDesign 2022<br \/>\nPo\u00eale \u00e0 bois avec pied Central<br \/>\nPuissance nominale: 6 KW<br \/>\nRendement \u00e9nerg\u00e9tique\u00a0: 81.1%<br \/>\nPuissance maximale: 6.2 KW<br \/>\nR\u00e9gulation\u00a0: MANUEL<br \/>\nSyst\u00e8me double combustion<br \/>\nR\u00e9gulation facile de l&rsquo;air primaire<br \/>\nEmissions de CO (13%): 1250 mg\/Nm3<br \/>\nParticules de CO : 26 mg\/Nm3<br \/>\nOGC : 70mg\/Nm3<br \/>\nNDx : 92mg\/Nm3<br \/>\nTemp\u00e9rature des Fum\u00e9es: 263\u00b0C<br \/>\nTirage moyenne: 10-14 Pa<br \/>\nTaille des b\u00fbches\u00a0: 33 cm<br \/>\nCouleur\u00a0: NOIR<br \/>\nAcier au carbonne<br \/>\nBrique r\u00e9fractaire &#8211; Vermiculite<br \/>\nSyst\u00e8me vitre propre<br \/>\nVolume de chauffe\u00a0: 203 m3<br \/>\nHauteur\u00a0: 1055 mm<br \/>\nLargeur\u00a0: 497 mm<br \/>\nProfondeur int\u00e9rieure:348x301x502 mm<br \/>\nDimension de la vitre du frontale: 452x239x102mm<br \/>\nDimension de la vitre du lat\u00e9rale: 452x239x49.5mm<br \/>\nCendrier \u00e0 tiroir amovible<br \/>\nR\u00e9gulation facile de l&rsquo;air primaire<br \/>\nChargement\u00a0: Devant<br \/>\nDiam\u00e8tre sortie des fum\u00e9es\u00a0: 150 mm<br \/>\nRaccord des fum\u00e9es\u00a0: Dessus<br \/>\nPoids\u00a0: 113 kg<br \/>\nNormes : CE, EN 13229<br \/>\nFlamme verte \/ Ecodesign 2022 \/ \u00c9ligible cr\u00e9dit d&rsquo;imp\u00f4t<br \/>\nGarantie Ferlux : 5 ans<\/p>\n<p><strong>FERLUX<\/strong> : Ferlux se caract\u00e9rise par l&rsquo;innovation, la recherche de produits et la distribution dans plus de 20 pays.<br \/>\nDepuis plus de 28 ans, nous nous consacrons \u00e0 la fabrication d&rsquo;appareils de chauffage, en commen\u00e7ant par une gamme de chemin\u00e9es \u00e0 bois et de barbecues jusqu&rsquo;aux produits les plus avanc\u00e9s, \u00e0 fort contenu technologique et d&rsquo;avant-garde.<br \/>\nCertifi\u00e9 avec le marquage CE et conforme aux r\u00e9glementations les plus strictes en mati\u00e8re d&rsquo;\u00e9missions.<\/p>\n","protected":false},"excerpt":{"rendered":"<p>Livraison en bas de chez vous Gratuite Po\u00eale \u00e0 Bois Rond Ferlux Elypse Panoramique 6 kW sur pied Central. Le po\u00eale \u00e0 bois Rond Elypse 6 kW Ferlux panoramique et moderne s\u2019int\u00e8gre parfaitement \u00e0 tous les int\u00e9rieurs et cr\u00e9e une atmosph\u00e8re chaleureuse et confortable jusqu&rsquo;\u00e0 203m3. Rendement : 81.3 % EcoDesign 2022. Puissance calorifique nominale [&hellip;]<\/p>\n","protected":false},"featured_media":720,"comment_status":"open","ping_status":"closed","template":"","meta":{"jetpack_publicize_message":"","jetpack_is_tweetstorm":false,"jetpack_publicize_feature_enabled":true,"jetpack_social_post_already_shared":true,"jetpack_social_options":{"image_generator_settings":{"template":"highway","enabled":false}}},"product_cat":[34],"product_tag":[145,42],"jetpack_publicize_connections":[],"_links":{"self":[{"href":"https:\/\/clickstop.fr\/index.php\/wp-json\/wp\/v2\/product\/721"}],"collection":[{"href":"https:\/\/clickstop.fr\/index.php\/wp-json\/wp\/v2\/product"}],"about":[{"href":"https:\/\/clickstop.fr\/index.php\/wp-json\/wp\/v2\/types\/product"}],"replies":[{"embeddable":true,"href":"https:\/\/clickstop.fr\/index.php\/wp-json\/wp\/v2\/comments?post=721"}],"wp:featuredmedia":[{"embeddable":true,"href":"https:\/\/clickstop.fr\/index.php\/wp-json\/wp\/v2\/media\/720"}],"wp:attachment":[{"href":"https:\/\/clickstop.fr\/index.php\/wp-json\/wp\/v2\/media?parent=721"}],"wp:term":[{"taxonomy":"product_cat","embeddable":true,"href":"https:\/\/clickstop.fr\/index.php\/wp-json\/wp\/v2\/product_cat?post=721"},{"taxonomy":"product_tag","embeddable":true,"href":"https:\/\/clickstop.fr\/index.php\/wp-json\/wp\/v2\/product_tag?post=721"}],"curies":[{"name":"wp","href":"https:\/\/api.w.org\/{rel}","templated":true}]}}