{"id":702,"date":"2023-01-20T15:19:57","date_gmt":"2023-01-20T14:19:57","guid":{"rendered":"https:\/\/clickstop.fr\/?post_type=product&#038;p=702"},"modified":"2026-01-16T15:17:37","modified_gmt":"2026-01-16T14:17:37","slug":"induction-aspirante-elica-prf0167054-3","status":"publish","type":"product","link":"https:\/\/clickstop.fr\/index.php\/produit\/induction-aspirante-elica-prf0167054-3\/","title":{"rendered":"Induction aspirante ELICA &#8211; PRF0167054"},"content":{"rendered":"<div class=\"zone1\">\n<blockquote>\n<h4 class=\"zone2\"><strong>Livraison en bas de chez vous Gratuite<\/strong><\/h4>\n<\/blockquote>\n<h2>Caract\u00e9ristiques<\/h2>\n<table>\n<tbody>\n<tr>\n<td>Mati\u00e8re<\/td>\n<td>verre vitroc\u00e9ramique<\/td>\n<\/tr>\n<tr>\n<td>Foyer Induction<\/td>\n<td>4<\/td>\n<\/tr>\n<tr>\n<td>Foyer(s) droit<\/td>\n<td>AV 16\/1,4 _ AR 20\/3 cm\/kW<\/td>\n<\/tr>\n<tr>\n<td>Foyer(s) gauche<\/td>\n<td>18-20\/1,85 _ 18-20\/3 cm\/kW<\/td>\n<\/tr>\n<tr>\n<td>Bandeau<\/td>\n<td>frontal<\/td>\n<\/tr>\n<tr>\n<td>Commandes<\/td>\n<td>sensitives<\/td>\n<\/tr>\n<tr>\n<td>Puissance de raccordement<\/td>\n<td>7400 W<\/td>\n<\/tr>\n<tr>\n<td>Alimentation<\/td>\n<td>220-240 V \/ 50-60 Hz \/ 32 A<\/td>\n<\/tr>\n<tr>\n<td>Connect\u00e9<\/td>\n<td>non<\/td>\n<\/tr>\n<\/tbody>\n<\/table>\n<\/div>\n<div class=\"zone2\">\n<h2>Labels et points cl\u00e9s<\/h2>\n<table>\n<tbody>\n<tr>\n<td>Le + produit<\/td>\n<td>Compatible avec les meubles 60 cm<\/td>\n<\/tr>\n<\/tbody>\n<\/table>\n<\/div>\n<div class=\"zone3\">\n<h2>Description<\/h2>\n<p><span id=\"m_m_c_c_litDescription\">Table induction aspirante NIKOLATESLA FIT BL\/A\/72 &#8211; 4 foyers dont 1 zone modulable 1x (36 x 20 cm 3,7 kW) ou (18-20 cm 3 kW \/ 18-20 cm 1,85 kW) : plus de flexibilit\u00e9 en combinant deux zones de cuisson &#8211; 10 niveaux de puissance dont Booster &#8211; Timer &#8211; Fonctions Pause, Stop&amp;Go, Temp\u00e9rature Manager et Maintien au chaud &#8211; D\u00e9tection automatique des casseroles &#8211; Syst\u00e8me de ventilation haute performance int\u00e9gr\u00e9 dans la table de cuisson (Intensif 620 m3\/h) &#8211; Classe d&rsquo;efficacit\u00e9 \u00e9nerg\u00e9tique A &#8211; Mode Automatique: ajustement vitesse d&rsquo;aspiration en fonction de la puissance de cuisson &#8211; 11 vitesses dont 2 Booster &#8211; Niveau sonore de 43 \u00e0 67 dB &#8211; Filtre \u00e0 graisse aluminium &#8211; Filtre \u00e0 charbon en option (r\u00e9f. KIT0167755) &#8211; Kit tubes d&rsquo;installation dans le meuble livr\u00e9 en option (r\u00e9f. KIT0180522 =&gt; Sortie arri\u00e8re dans le vide sanitaire \/ KIT0167756 =&gt; Sortie \u00e0 l\u2019int\u00e9rieur de la plinthe \/ KIT0167757 =&gt; Sortie \u00e0 l\u2019ext\u00e9rieur de la plinthe) &#8211; Sortie rectangle 222 x 89 mm &#8211; Commandes sensitives par Slider centralis\u00e9es &#8211; S\u00e9curit\u00e9 enfants &#8211; Largeur 72 cm.<\/span><\/p>\n<table>\n<tbody>\n<tr>\n<td>Code EAN<\/td>\n<td>8020283050556<\/td>\n<\/tr>\n<tr>\n<td>Nomenclature douani\u00e8re<\/td>\n<td>85166050<\/td>\n<\/tr>\n<tr>\n<td>Disponibilit\u00e9 des pi\u00e8ces d\u00e9tach\u00e9es<\/td>\n<td>5 ans (donn\u00e9e constructeur)<\/td>\n<\/tr>\n<tr>\n<td>Coloris table<\/td>\n<td>noir<\/td>\n<\/tr>\n<tr>\n<td>Bordure<\/td>\n<td>sans cadre<\/td>\n<\/tr>\n<tr>\n<td>Dimensions Hors tout (LxHxP)<\/td>\n<td>72 x 24,6 x 51,5 cm<\/td>\n<\/tr>\n<tr>\n<td>Dimensions Encastrement (LxHxP)<\/td>\n<td>voir sch\u00e9mas cm<\/td>\n<\/tr>\n<tr>\n<td>Poids net<\/td>\n<td>17,2 Kg<\/td>\n<\/tr>\n<tr>\n<td>Lieu de fabrication et de stockage<\/td>\n<td>Italie sous 7 \u00e0 21 jours<\/td>\n<\/tr>\n<tr>\n<td>Fiche produit UE<\/td>\n<td><a href=\"https:\/\/static.findis.fr\/data\/articles\/1160500\/fiche-produit-ue-2313.pdf\" target=\"_blank\" rel=\"noopener\"><i class=\"fa-regular fa-arrow-down-to-square\"><\/i>\u00a0T\u00e9l\u00e9charger<\/a><\/td>\n<\/tr>\n<tr>\n<td>Fiche produit constructeur<\/td>\n<td><a href=\"https:\/\/static.findis.fr\/data\/articles\/1160500\/fiche-produit-2314.pdf\" target=\"_blank\" rel=\"noopener\"><i class=\"fa-regular fa-arrow-down-to-square\"><\/i>\u00a0T\u00e9l\u00e9charger<\/a><\/td>\n<\/tr>\n<\/tbody>\n<\/table>\n<\/div>\n","protected":false},"excerpt":{"rendered":"<p>Table de cuisson induction aspirante ELICA &#8211; PRF0167054<\/p>\n","protected":false},"featured_media":120,"comment_status":"closed","ping_status":"closed","template":"","meta":{"jetpack_publicize_message":"","jetpack_is_tweetstorm":false,"jetpack_publicize_feature_enabled":true,"jetpack_social_post_already_shared":true,"jetpack_social_options":{"image_generator_settings":{"template":"highway","enabled":false}}},"product_cat":[34],"product_tag":[38,40,39,41],"jetpack_publicize_connections":[],"_links":{"self":[{"href":"https:\/\/clickstop.fr\/index.php\/wp-json\/wp\/v2\/product\/702"}],"collection":[{"href":"https:\/\/clickstop.fr\/index.php\/wp-json\/wp\/v2\/product"}],"about":[{"href":"https:\/\/clickstop.fr\/index.php\/wp-json\/wp\/v2\/types\/product"}],"replies":[{"embeddable":true,"href":"https:\/\/clickstop.fr\/index.php\/wp-json\/wp\/v2\/comments?post=702"}],"wp:featuredmedia":[{"embeddable":true,"href":"https:\/\/clickstop.fr\/index.php\/wp-json\/wp\/v2\/media\/120"}],"wp:attachment":[{"href":"https:\/\/clickstop.fr\/index.php\/wp-json\/wp\/v2\/media?parent=702"}],"wp:term":[{"taxonomy":"product_cat","embeddable":true,"href":"https:\/\/clickstop.fr\/index.php\/wp-json\/wp\/v2\/product_cat?post=702"},{"taxonomy":"product_tag","embeddable":true,"href":"https:\/\/clickstop.fr\/index.php\/wp-json\/wp\/v2\/product_tag?post=702"}],"curies":[{"name":"wp","href":"https:\/\/api.w.org\/{rel}","templated":true}]}}