{"id":686,"date":"2022-11-21T07:53:51","date_gmt":"2022-11-21T06:53:51","guid":{"rendered":"https:\/\/clickstop.fr\/?post_type=product&#038;p=686"},"modified":"2026-01-16T15:21:37","modified_gmt":"2026-01-16T14:21:37","slug":"poele-a-bois-longiligne-godin-2","status":"publish","type":"product","link":"https:\/\/clickstop.fr\/index.php\/produit\/poele-a-bois-longiligne-godin-2\/","title":{"rendered":"Po\u00eale \u00e0 bois longiligne GODIN"},"content":{"rendered":"<div class=\"zone1\">\n<h4 class=\"zone2\"><strong>Livraison en bas de chez vous Gratuite<\/strong><\/h4>\n<h2>Caract\u00e9ristiques<br \/>\nref : 420012ANTH<\/h2>\n<table>\n<tbody>\n<tr>\n<td>Puissance<\/td>\n<td>7 kW<\/td>\n<\/tr>\n<tr>\n<td>Taille des b\u00fbches<\/td>\n<td>33 cm<\/td>\n<\/tr>\n<tr>\n<td>Rendement \u00e9nerg\u00e9tique<\/td>\n<td>82,4 %<\/td>\n<\/tr>\n<tr>\n<td>Taux de CO d\u00e9gag\u00e9<\/td>\n<td>0,11 %<\/td>\n<\/tr>\n<\/tbody>\n<\/table>\n<\/div>\n<div class=\"zone2\">\n<h2>Labels et points cl\u00e9s<\/h2>\n<table>\n<tbody>\n<tr>\n<td>Label \u00e9nergie.<\/td>\n<td>A<\/td>\n<\/tr>\n<tr>\n<td>Flamme verte<\/td>\n<td>7 \u00e9toiles<\/td>\n<\/tr>\n<tr>\n<td>Eco Design 2022<\/td>\n<td>oui<\/td>\n<\/tr>\n<tr>\n<td>Compatible RT 2012<\/td>\n<td>non<\/td>\n<\/tr>\n<\/tbody>\n<\/table>\n<\/div>\n<div class=\"zone3\">\n<h2>Description<\/h2>\n<p><span id=\"m_m_c_c_litDescription\">Po\u00eale \u00e0 bois Talisman &#8211; Habillage fonte peint noir &#8211; Corps de chauffe en fonte &#8211; B\u00fbches jusqu&rsquo;\u00e0 33 cm et briquettes &#8211; Chargement avant &#8211; R\u00e9gulation manuelle &#8211; Raccordement arri\u00e8re ou dessus \u00d8 153 mm. Le prix indiqu\u00e9 comprend la TVA \u00e0 20%.<\/span><\/p>\n<table>\n<tbody>\n<tr>\n<td>Code EAN<\/td>\n<td>3596150192247<\/td>\n<\/tr>\n<tr>\n<td>Nomenclature douani\u00e8re<\/td>\n<td>73218900<\/td>\n<\/tr>\n<tr>\n<td>Disponibilit\u00e9 des pi\u00e8ces d\u00e9tach\u00e9es<\/td>\n<td>10 ans (donn\u00e9e constructeur)<\/td>\n<\/tr>\n<tr>\n<td>Raccord des fum\u00e9es<\/td>\n<td>arri\u00e8re ou dessus<\/td>\n<\/tr>\n<tr>\n<td>Diam\u00e8tre de buse<\/td>\n<td>153 mm<\/td>\n<\/tr>\n<tr>\n<td>Hauteur du sol\/axe buse<\/td>\n<td>929,5 mm<\/td>\n<\/tr>\n<tr>\n<td>Dimensions (LxHxP)<\/td>\n<td>42 x 107 x 44 cm<\/td>\n<\/tr>\n<tr>\n<td>Poids net<\/td>\n<td>125 Kg<\/td>\n<\/tr>\n<tr>\n<td>Lieu de fabrication<\/td>\n<td>Origine France Garantie<\/td>\n<\/tr>\n<tr>\n<td>D\u00e9claration de performances<\/td>\n<td><a href=\"https:\/\/static.findis.fr\/data\/articles\/1044767\/declaration-de-performances-2315.pdf\" target=\"_blank\" rel=\"noopener\"><i class=\"fa-regular fa-arrow-down-to-square\"><\/i>\u00a0T\u00e9l\u00e9charger<\/a><\/td>\n<\/tr>\n<tr>\n<td>D\u00e9claration EcoDesign<\/td>\n<td><a href=\"https:\/\/static.findis.fr\/data\/articles\/1044767\/declaration-ecodesign-2316.pdf\" target=\"_blank\" rel=\"noopener\"><i class=\"fa-regular fa-arrow-down-to-square\"><\/i>\u00a0T\u00e9l\u00e9charger<\/a><\/td>\n<\/tr>\n<\/tbody>\n<\/table>\n<\/div>\n","protected":false},"excerpt":{"rendered":"<p>Livraison en bas de chez vous Gratuite Caract\u00e9ristiques ref : 420012ANTH Puissance 7 kW Taille des b\u00fbches 33 cm Rendement \u00e9nerg\u00e9tique 82,4 % Taux de CO d\u00e9gag\u00e9 0,11 % Labels et points cl\u00e9s Label \u00e9nergie. A Flamme verte 7 \u00e9toiles Eco Design 2022 oui Compatible RT 2012 non Description Po\u00eale \u00e0 bois Talisman &#8211; Habillage [&hellip;]<\/p>\n","protected":false},"featured_media":156,"comment_status":"closed","ping_status":"closed","template":"","meta":{"jetpack_publicize_message":"","jetpack_is_tweetstorm":false,"jetpack_publicize_feature_enabled":true,"jetpack_social_post_already_shared":true,"jetpack_social_options":{"image_generator_settings":{"template":"highway","enabled":false}}},"product_cat":[34],"product_tag":[66,42],"jetpack_publicize_connections":[],"_links":{"self":[{"href":"https:\/\/clickstop.fr\/index.php\/wp-json\/wp\/v2\/product\/686"}],"collection":[{"href":"https:\/\/clickstop.fr\/index.php\/wp-json\/wp\/v2\/product"}],"about":[{"href":"https:\/\/clickstop.fr\/index.php\/wp-json\/wp\/v2\/types\/product"}],"replies":[{"embeddable":true,"href":"https:\/\/clickstop.fr\/index.php\/wp-json\/wp\/v2\/comments?post=686"}],"wp:featuredmedia":[{"embeddable":true,"href":"https:\/\/clickstop.fr\/index.php\/wp-json\/wp\/v2\/media\/156"}],"wp:attachment":[{"href":"https:\/\/clickstop.fr\/index.php\/wp-json\/wp\/v2\/media?parent=686"}],"wp:term":[{"taxonomy":"product_cat","embeddable":true,"href":"https:\/\/clickstop.fr\/index.php\/wp-json\/wp\/v2\/product_cat?post=686"},{"taxonomy":"product_tag","embeddable":true,"href":"https:\/\/clickstop.fr\/index.php\/wp-json\/wp\/v2\/product_tag?post=686"}],"curies":[{"name":"wp","href":"https:\/\/api.w.org\/{rel}","templated":true}]}}