{"id":682,"date":"2022-11-12T12:24:50","date_gmt":"2022-11-12T11:24:50","guid":{"rendered":"https:\/\/clickstop.fr\/?post_type=product&#038;p=682"},"modified":"2026-01-16T15:22:09","modified_gmt":"2026-01-16T14:22:09","slug":"poele-a-bois-panoramique-lacunza-2","status":"publish","type":"product","link":"https:\/\/clickstop.fr\/index.php\/produit\/poele-a-bois-panoramique-lacunza-2\/","title":{"rendered":"Po\u00eale \u00e0 bois panoramique LACUNZA"},"content":{"rendered":"<h4 class=\"zone2\"><strong>Livraison en bas de chez vous Gratuite<\/strong><\/h4>\n<h2>Caract\u00e9ristiques<br \/>\nref : TITANIUM702BNPLUS<\/h2>\n<p>&nbsp;<\/p>\n<div class=\"zone1\">\n<h2>Caract\u00e9ristiques<\/h2>\n<table>\n<tbody>\n<tr>\n<td>Puissance<\/td>\n<td>8,5 kW<\/td>\n<\/tr>\n<tr>\n<td>Taille des b\u00fbches<\/td>\n<td>55 cm<\/td>\n<\/tr>\n<tr>\n<td>Rendement \u00e9nerg\u00e9tique<\/td>\n<td>76 %<\/td>\n<\/tr>\n<tr>\n<td>Taux de CO d\u00e9gag\u00e9<\/td>\n<td>0,1 %<\/td>\n<\/tr>\n<\/tbody>\n<\/table>\n<\/div>\n<div class=\"zone2\">\n<h2>Labels et points cl\u00e9s<\/h2>\n<table>\n<tbody>\n<tr>\n<td>Label \u00e9nergie.<\/td>\n<td>A<\/td>\n<\/tr>\n<tr>\n<td>Flamme verte<\/td>\n<td>7 \u00e9toiles<\/td>\n<\/tr>\n<tr>\n<td>Compatible RT 2012<\/td>\n<td>non<\/td>\n<\/tr>\n<tr>\n<td>Le + produit<\/td>\n<td>Po\u00eale canalisable<\/td>\n<\/tr>\n<\/tbody>\n<\/table>\n<\/div>\n<div class=\"zone3\">\n<h2>Description<\/h2>\n<p><span id=\"m_m_c_c_litDescription\">Po\u00eale \u00e0 bois Titanium 702BN PLUS &#8211; Habillage acier \u00e9maill\u00e9 blanc et d\u00e9cor noir &#8211; B\u00fbcher &#8211; Porte vitr\u00e9e &#8211; Int\u00e9rieur foyer en vermiculite (option fonte : r\u00e9f KITFONTE700) &#8211; Double combustion &#8211; Double d\u00e9flecteur &#8211; Po\u00eale canalisable avec 2 turbines de 125 m3\/h r\u00e9glables par t\u00e9l\u00e9commande (r\u00e9glages ind\u00e9pendants) &#8211; Prise d&rsquo;air raccordable sur l&rsquo;ext\u00e9rieur \u00d8 120 mm &#8211; Raccordement dessus \u00d8 150 mm &#8211; Le prix indiqu\u00e9 comprend la TVA \u00e0 20%.<\/span><\/p>\n<table>\n<tbody>\n<tr>\n<td>Code EAN<\/td>\n<td>3000000113806<\/td>\n<\/tr>\n<tr>\n<td>Nomenclature douani\u00e8re<\/td>\n<td>73218900<\/td>\n<\/tr>\n<tr>\n<td>Raccord des fum\u00e9es<\/td>\n<td>dessus<\/td>\n<\/tr>\n<tr>\n<td>Diam\u00e8tre de buse<\/td>\n<td>150 mm<\/td>\n<\/tr>\n<tr>\n<td>Dimensions (LxHxP)<\/td>\n<td>76 x 89,7 x 48,4 cm<\/td>\n<\/tr>\n<tr>\n<td>Poids net<\/td>\n<td>151 Kg<\/td>\n<\/tr>\n<tr>\n<td>Lieu de fabrication<\/td>\n<td>Espagne<\/td>\n<\/tr>\n<\/tbody>\n<\/table>\n<\/div>\n","protected":false},"excerpt":{"rendered":"<p>Livraison en bas de chez vous Gratuite Caract\u00e9ristiques ref : TITANIUM702BNPLUS &nbsp; Caract\u00e9ristiques Puissance 8,5 kW Taille des b\u00fbches 55 cm Rendement \u00e9nerg\u00e9tique 76 % Taux de CO d\u00e9gag\u00e9 0,1 % Labels et points cl\u00e9s Label \u00e9nergie. A Flamme verte 7 \u00e9toiles Compatible RT 2012 non Le + produit Po\u00eale canalisable Description Po\u00eale \u00e0 bois [&hellip;]<\/p>\n","protected":false},"featured_media":573,"comment_status":"closed","ping_status":"closed","template":"","meta":{"jetpack_publicize_message":"","jetpack_is_tweetstorm":false,"jetpack_publicize_feature_enabled":true,"jetpack_social_post_already_shared":true,"jetpack_social_options":{"image_generator_settings":{"template":"highway","enabled":false}}},"product_cat":[34],"product_tag":[66,42],"jetpack_publicize_connections":[],"_links":{"self":[{"href":"https:\/\/clickstop.fr\/index.php\/wp-json\/wp\/v2\/product\/682"}],"collection":[{"href":"https:\/\/clickstop.fr\/index.php\/wp-json\/wp\/v2\/product"}],"about":[{"href":"https:\/\/clickstop.fr\/index.php\/wp-json\/wp\/v2\/types\/product"}],"replies":[{"embeddable":true,"href":"https:\/\/clickstop.fr\/index.php\/wp-json\/wp\/v2\/comments?post=682"}],"wp:featuredmedia":[{"embeddable":true,"href":"https:\/\/clickstop.fr\/index.php\/wp-json\/wp\/v2\/media\/573"}],"wp:attachment":[{"href":"https:\/\/clickstop.fr\/index.php\/wp-json\/wp\/v2\/media?parent=682"}],"wp:term":[{"taxonomy":"product_cat","embeddable":true,"href":"https:\/\/clickstop.fr\/index.php\/wp-json\/wp\/v2\/product_cat?post=682"},{"taxonomy":"product_tag","embeddable":true,"href":"https:\/\/clickstop.fr\/index.php\/wp-json\/wp\/v2\/product_tag?post=682"}],"curies":[{"name":"wp","href":"https:\/\/api.w.org\/{rel}","templated":true}]}}