{"id":68,"date":"2022-07-22T09:57:52","date_gmt":"2022-07-22T07:57:52","guid":{"rendered":"https:\/\/clickstop.fr\/?post_type=product&#038;p=68"},"modified":"2026-01-16T15:24:38","modified_gmt":"2026-01-16T14:24:38","slug":"cuisine-4m","status":"publish","type":"product","link":"https:\/\/clickstop.fr\/index.php\/produit\/cuisine-4m\/","title":{"rendered":"cuisine ajustable N"},"content":{"rendered":"<p>Cette cuisine est propos\u00e9e ici fabriqu\u00e9e \u00e0 vos mesures dans la limite de :<\/p>\n<p>Mur : jusque 3600mm de long<\/p>\n<p>Ilot : jusque 2700mm de long et 900mm de largeur.<\/p>\n<ul>\n<li>Fa\u00e7ades Zen Marbre noir<\/li>\n<li>Plan de travail\u00a0 stratifi\u00e9 sur mesure<\/li>\n<li>Caissons 19mm blanc<\/li>\n<li>6 Coulissants Blum \u00e0 amortisseurs<\/li>\n<li>Charni\u00e8res avec ralentisseurs<\/li>\n<li>Plinthes incluses<\/li>\n<li>Meubles d\u00e9j\u00e0 mont\u00e9s en usine (l&rsquo;acheteur sera contact\u00e9 pour les mesures personnalis\u00e9es)<\/li>\n<li>Fabrication fran\u00e7aise de <a href=\"https:\/\/conceptometre.com\">conceptometre.com<\/a> sous 27 jours.<\/li>\n<\/ul>\n","protected":false},"excerpt":{"rendered":"<p>Cette cuisine est propos\u00e9e ici fabriqu\u00e9e \u00e0 vos mesures dans la limite de : Mur : jusque 3600mm de long Ilot : jusque 2700mm de long et 900mm de largeur. Fa\u00e7ades Zen Marbre noir Plan de travail\u00a0 stratifi\u00e9 sur mesure Caissons 19mm blanc 6 Coulissants Blum \u00e0 amortisseurs Charni\u00e8res avec ralentisseurs Plinthes incluses Meubles d\u00e9j\u00e0 [&hellip;]<\/p>\n","protected":false},"featured_media":69,"comment_status":"closed","ping_status":"closed","template":"","meta":{"jetpack_publicize_message":"","jetpack_is_tweetstorm":false,"jetpack_publicize_feature_enabled":true,"jetpack_social_post_already_shared":false,"jetpack_social_options":{"image_generator_settings":{"template":"highway","enabled":false}}},"product_cat":[34],"product_tag":[],"jetpack_publicize_connections":[],"_links":{"self":[{"href":"https:\/\/clickstop.fr\/index.php\/wp-json\/wp\/v2\/product\/68"}],"collection":[{"href":"https:\/\/clickstop.fr\/index.php\/wp-json\/wp\/v2\/product"}],"about":[{"href":"https:\/\/clickstop.fr\/index.php\/wp-json\/wp\/v2\/types\/product"}],"replies":[{"embeddable":true,"href":"https:\/\/clickstop.fr\/index.php\/wp-json\/wp\/v2\/comments?post=68"}],"wp:featuredmedia":[{"embeddable":true,"href":"https:\/\/clickstop.fr\/index.php\/wp-json\/wp\/v2\/media\/69"}],"wp:attachment":[{"href":"https:\/\/clickstop.fr\/index.php\/wp-json\/wp\/v2\/media?parent=68"}],"wp:term":[{"taxonomy":"product_cat","embeddable":true,"href":"https:\/\/clickstop.fr\/index.php\/wp-json\/wp\/v2\/product_cat?post=68"},{"taxonomy":"product_tag","embeddable":true,"href":"https:\/\/clickstop.fr\/index.php\/wp-json\/wp\/v2\/product_tag?post=68"}],"curies":[{"name":"wp","href":"https:\/\/api.w.org\/{rel}","templated":true}]}}