{"id":630,"date":"2022-09-29T15:37:53","date_gmt":"2022-09-29T13:37:53","guid":{"rendered":"https:\/\/clickstop.fr\/?post_type=product&#038;p=630"},"modified":"2026-01-16T15:22:35","modified_gmt":"2026-01-16T14:22:35","slug":"placard-240-ajustable-a-vos-mesures-2","status":"publish","type":"product","link":"https:\/\/clickstop.fr\/index.php\/produit\/placard-240-ajustable-a-vos-mesures-2\/","title":{"rendered":"PLACARD 240 AJUSTABLE A VOS MESURES"},"content":{"rendered":"<p>Placards propos\u00e9s ici fabriqu\u00e9s \u00e0 vos mesures<\/p>\n<ul>\n<li>Hauteur 2500mm ou moins sur demande<\/li>\n<li>Profondeur : 600mm ou moins sur demande<\/li>\n<li>Longueur : 240cm ou moins sur demande.<\/li>\n<li>Caissons : 19mm blanc<\/li>\n<li>Fa\u00e7ades : ZEN<\/li>\n<li>Coulissants Blum \u00e0 amortisseurs : En option<\/li>\n<li>Charni\u00e8res : Avec ralentisseurs<\/li>\n<li>Plinthes : Incluses<\/li>\n<li>Meubles : D\u00e9j\u00e0 mont\u00e9s en usine selon les mesures demand\u00e9es. (vous serez contact\u00e9 par le fabricant pour valider les d\u00e9tails personnalisables)<\/li>\n<li>Fabrication fran\u00e7aise de <a href=\"https:\/\/conceptometre.com\">conceptometre.com<\/a> sous 12 Jours<\/li>\n<\/ul>\n<p>Livraison devant chez vous incluse dans un rayon de 50km autour d&rsquo;Aix en Provence. Au del\u00e0 un suppl\u00e9ment de 1\u20ac par km sera factur\u00e9.<\/p>\n","protected":false},"excerpt":{"rendered":"<p>Placards propos\u00e9s ici fabriqu\u00e9s \u00e0 vos mesures Hauteur 2500mm ou moins sur demande Profondeur : 600mm ou moins sur demande Longueur : 240cm ou moins sur demande. Caissons : 19mm blanc Fa\u00e7ades : ZEN Coulissants Blum \u00e0 amortisseurs : En option Charni\u00e8res : Avec ralentisseurs Plinthes : Incluses Meubles : D\u00e9j\u00e0 mont\u00e9s en usine selon [&hellip;]<\/p>\n","protected":false},"featured_media":154,"comment_status":"closed","ping_status":"closed","template":"","meta":{"jetpack_publicize_message":"","jetpack_is_tweetstorm":false,"jetpack_publicize_feature_enabled":true,"jetpack_social_post_already_shared":true,"jetpack_social_options":{"image_generator_settings":{"template":"highway","enabled":false}}},"product_cat":[34],"product_tag":[58,57,54,55,56],"jetpack_publicize_connections":[],"_links":{"self":[{"href":"https:\/\/clickstop.fr\/index.php\/wp-json\/wp\/v2\/product\/630"}],"collection":[{"href":"https:\/\/clickstop.fr\/index.php\/wp-json\/wp\/v2\/product"}],"about":[{"href":"https:\/\/clickstop.fr\/index.php\/wp-json\/wp\/v2\/types\/product"}],"replies":[{"embeddable":true,"href":"https:\/\/clickstop.fr\/index.php\/wp-json\/wp\/v2\/comments?post=630"}],"wp:featuredmedia":[{"embeddable":true,"href":"https:\/\/clickstop.fr\/index.php\/wp-json\/wp\/v2\/media\/154"}],"wp:attachment":[{"href":"https:\/\/clickstop.fr\/index.php\/wp-json\/wp\/v2\/media?parent=630"}],"wp:term":[{"taxonomy":"product_cat","embeddable":true,"href":"https:\/\/clickstop.fr\/index.php\/wp-json\/wp\/v2\/product_cat?post=630"},{"taxonomy":"product_tag","embeddable":true,"href":"https:\/\/clickstop.fr\/index.php\/wp-json\/wp\/v2\/product_tag?post=630"}],"curies":[{"name":"wp","href":"https:\/\/api.w.org\/{rel}","templated":true}]}}