{"id":60,"date":"2022-07-20T16:31:57","date_gmt":"2022-07-20T14:31:57","guid":{"rendered":"https:\/\/clickstop.fr\/?post_type=product&#038;p=60"},"modified":"2026-01-16T17:04:35","modified_gmt":"2026-01-16T16:04:35","slug":"travertin-en-palette-de-40m2-40x60","status":"publish","type":"product","link":"https:\/\/clickstop.fr\/index.php\/produit\/travertin-en-palette-de-40m2-40x60\/","title":{"rendered":"Inscrivez vous pour ne pas rater cette vente de travertin"},"content":{"rendered":"<p>Travertin 40\/60 en palette de 40m2<\/p>\n<p><strong>Le prix de vente commencera \u00e0 chuter au moment de la vente.<\/strong><\/p>\n<p>Livraison incluse dans un rayon de 10km autour de Gr\u00e9oux les bains.<br \/>\nAu del\u00e0 pr\u00e9voir un suppl\u00e9ment de 1\u20ac par km \u00e0 r\u00e9gler au transporteur.<\/p>\n","protected":false},"excerpt":{"rendered":"<p>En attente d&rsquo;un date de mise en vente.<\/p>\n","protected":false},"featured_media":39,"comment_status":"closed","ping_status":"closed","template":"","meta":{"jetpack_publicize_message":"","jetpack_is_tweetstorm":false,"jetpack_publicize_feature_enabled":true,"jetpack_social_post_already_shared":false,"jetpack_social_options":{"image_generator_settings":{"template":"highway","enabled":false}}},"product_cat":[24],"product_tag":[77],"jetpack_publicize_connections":[],"_links":{"self":[{"href":"https:\/\/clickstop.fr\/index.php\/wp-json\/wp\/v2\/product\/60"}],"collection":[{"href":"https:\/\/clickstop.fr\/index.php\/wp-json\/wp\/v2\/product"}],"about":[{"href":"https:\/\/clickstop.fr\/index.php\/wp-json\/wp\/v2\/types\/product"}],"replies":[{"embeddable":true,"href":"https:\/\/clickstop.fr\/index.php\/wp-json\/wp\/v2\/comments?post=60"}],"wp:featuredmedia":[{"embeddable":true,"href":"https:\/\/clickstop.fr\/index.php\/wp-json\/wp\/v2\/media\/39"}],"wp:attachment":[{"href":"https:\/\/clickstop.fr\/index.php\/wp-json\/wp\/v2\/media?parent=60"}],"wp:term":[{"taxonomy":"product_cat","embeddable":true,"href":"https:\/\/clickstop.fr\/index.php\/wp-json\/wp\/v2\/product_cat?post=60"},{"taxonomy":"product_tag","embeddable":true,"href":"https:\/\/clickstop.fr\/index.php\/wp-json\/wp\/v2\/product_tag?post=60"}],"curies":[{"name":"wp","href":"https:\/\/api.w.org\/{rel}","templated":true}]}}