{"id":500,"date":"2022-09-13T11:24:38","date_gmt":"2022-09-13T09:24:38","guid":{"rendered":"https:\/\/clickstop.fr\/?post_type=product&#038;p=500"},"modified":"2026-01-30T10:45:25","modified_gmt":"2026-01-30T09:45:25","slug":"cuisine-ajustable-ant-copie","status":"publish","type":"product","link":"https:\/\/clickstop.fr\/index.php\/produit\/cuisine-ajustable-ant-copie\/","title":{"rendered":"cuisine ajustable ANT"},"content":{"rendered":"<p>Cette cuisine est propos\u00e9e ici fabriqu\u00e9e \u00e0 vos mesures dans la limite de :<\/p>\n<p>Mur : jusque 3600mm de long<\/p>\n<ul>\n<li>Fa\u00e7ades Zen noir et ch\u00eane Halifax<\/li>\n<li>Plan de travail\u00a0 stratifi\u00e9 sur mesure ch\u00eane Halifax<\/li>\n<li>Caissons 19mm<\/li>\n<li>3 Coulissants Blum \u00e0 amortisseurs<\/li>\n<li>Charni\u00e8res avec ralentisseurs<\/li>\n<li>Plinthes incluses<\/li>\n<li>Meubles d\u00e9j\u00e0 mont\u00e9s en usine (l&rsquo;acheteur sera contact\u00e9 pour les mesures personnalis\u00e9es)<\/li>\n<li>Fabrication fran\u00e7aise de <a href=\"https:\/\/conceptometre.com\">conceptometre.com<\/a> sous 27 jours.<\/li>\n<li>Garantie 15ans<\/li>\n<\/ul>\n<p><span style=\"color: #808080;\">Autres mod\u00e8les ou dimensions disponibles sur conceptometre.com<\/span><\/p>\n","protected":false},"excerpt":{"rendered":"<p>Cette cuisine est propos\u00e9e ici fabriqu\u00e9e \u00e0 vos mesures dans la limite de : Mur : jusque 3600mm de long Fa\u00e7ades Zen noir et ch\u00eane Halifax Plan de travail\u00a0 stratifi\u00e9 sur mesure ch\u00eane Halifax Caissons 19mm 3 Coulissants Blum \u00e0 amortisseurs Charni\u00e8res avec ralentisseurs Plinthes incluses Meubles d\u00e9j\u00e0 mont\u00e9s en usine (l&rsquo;acheteur sera contact\u00e9 pour [&hellip;]<\/p>\n","protected":false},"featured_media":296,"comment_status":"closed","ping_status":"closed","template":"","meta":{"jetpack_publicize_message":"","jetpack_is_tweetstorm":false,"jetpack_publicize_feature_enabled":true,"jetpack_social_post_already_shared":true,"jetpack_social_options":{"image_generator_settings":{"template":"highway","enabled":false}}},"product_cat":[26],"product_tag":[],"jetpack_publicize_connections":[],"_links":{"self":[{"href":"https:\/\/clickstop.fr\/index.php\/wp-json\/wp\/v2\/product\/500"}],"collection":[{"href":"https:\/\/clickstop.fr\/index.php\/wp-json\/wp\/v2\/product"}],"about":[{"href":"https:\/\/clickstop.fr\/index.php\/wp-json\/wp\/v2\/types\/product"}],"replies":[{"embeddable":true,"href":"https:\/\/clickstop.fr\/index.php\/wp-json\/wp\/v2\/comments?post=500"}],"wp:featuredmedia":[{"embeddable":true,"href":"https:\/\/clickstop.fr\/index.php\/wp-json\/wp\/v2\/media\/296"}],"wp:attachment":[{"href":"https:\/\/clickstop.fr\/index.php\/wp-json\/wp\/v2\/media?parent=500"}],"wp:term":[{"taxonomy":"product_cat","embeddable":true,"href":"https:\/\/clickstop.fr\/index.php\/wp-json\/wp\/v2\/product_cat?post=500"},{"taxonomy":"product_tag","embeddable":true,"href":"https:\/\/clickstop.fr\/index.php\/wp-json\/wp\/v2\/product_tag?post=500"}],"curies":[{"name":"wp","href":"https:\/\/api.w.org\/{rel}","templated":true}]}}