{"id":46,"date":"2022-07-19T18:35:36","date_gmt":"2022-07-19T16:35:36","guid":{"rendered":"https:\/\/clickstop.fr\/?post_type=product&#038;p=46"},"modified":"2026-01-16T15:31:12","modified_gmt":"2026-01-16T14:31:12","slug":"cuisine","status":"publish","type":"product","link":"https:\/\/clickstop.fr\/index.php\/produit\/cuisine\/","title":{"rendered":"cuisine 4m."},"content":{"rendered":"<p>Cette cuisine est propos\u00e9e ici fabriqu\u00e9e \u00e0 vos mesures<\/p>\n<ul>\n<li>Longueur 4000mm maximum<\/li>\n<li>Profondeur 900mm maximum<\/li>\n<li>Fa\u00e7ades blanc extra brillant<\/li>\n<li>Plan de travail\u00a0 stratifi\u00e9 sur mesure<\/li>\n<li>Caissons 19mm blanc<\/li>\n<li>Coulissants \u00e0 amortisseurs<\/li>\n<li>Charni\u00e8res avec ralentisseurs<\/li>\n<li>Plinthes incluses<\/li>\n<li>Meubles d\u00e9j\u00e0 mont\u00e9s en usine selon les mesures demand\u00e9es. (vous serez contact\u00e9 par le fabricant pour valider vos mesures)<\/li>\n<li>Fabrication fran\u00e7aise de <a href=\"https:\/\/conceptometre.com\">conceptometre.com<\/a> sous 27 Jours<\/li>\n<\/ul>\n","protected":false},"excerpt":{"rendered":"<p>Cette cuisine est propos\u00e9e ici fabriqu\u00e9e \u00e0 vos mesures Longueur 4000mm maximum Profondeur 900mm maximum Fa\u00e7ades blanc extra brillant Plan de travail\u00a0 stratifi\u00e9 sur mesure Caissons 19mm blanc Coulissants \u00e0 amortisseurs Charni\u00e8res avec ralentisseurs Plinthes incluses Meubles d\u00e9j\u00e0 mont\u00e9s en usine selon les mesures demand\u00e9es. (vous serez contact\u00e9 par le fabricant pour valider vos mesures) [&hellip;]<\/p>\n","protected":false},"featured_media":47,"comment_status":"closed","ping_status":"closed","template":"","meta":{"jetpack_publicize_message":"","jetpack_is_tweetstorm":false,"jetpack_publicize_feature_enabled":true,"jetpack_social_post_already_shared":false,"jetpack_social_options":{"image_generator_settings":{"template":"highway","enabled":false}}},"product_cat":[34],"product_tag":[],"jetpack_publicize_connections":[],"_links":{"self":[{"href":"https:\/\/clickstop.fr\/index.php\/wp-json\/wp\/v2\/product\/46"}],"collection":[{"href":"https:\/\/clickstop.fr\/index.php\/wp-json\/wp\/v2\/product"}],"about":[{"href":"https:\/\/clickstop.fr\/index.php\/wp-json\/wp\/v2\/types\/product"}],"replies":[{"embeddable":true,"href":"https:\/\/clickstop.fr\/index.php\/wp-json\/wp\/v2\/comments?post=46"}],"wp:featuredmedia":[{"embeddable":true,"href":"https:\/\/clickstop.fr\/index.php\/wp-json\/wp\/v2\/media\/47"}],"wp:attachment":[{"href":"https:\/\/clickstop.fr\/index.php\/wp-json\/wp\/v2\/media?parent=46"}],"wp:term":[{"taxonomy":"product_cat","embeddable":true,"href":"https:\/\/clickstop.fr\/index.php\/wp-json\/wp\/v2\/product_cat?post=46"},{"taxonomy":"product_tag","embeddable":true,"href":"https:\/\/clickstop.fr\/index.php\/wp-json\/wp\/v2\/product_tag?post=46"}],"curies":[{"name":"wp","href":"https:\/\/api.w.org\/{rel}","templated":true}]}}