{"id":164,"date":"2022-08-29T09:31:53","date_gmt":"2022-08-29T07:31:53","guid":{"rendered":"https:\/\/clickstop.fr\/?post_type=product&#038;p=164"},"modified":"2026-01-16T15:24:11","modified_gmt":"2026-01-16T14:24:11","slug":"cuisine-n-180","status":"publish","type":"product","link":"https:\/\/clickstop.fr\/index.php\/produit\/cuisine-n-180\/","title":{"rendered":"cuisine N 180"},"content":{"rendered":"<p><strong>Description<\/strong><\/p>\n<ul>\n<li>Longueur 180cm<\/li>\n<li>Profondeur 65cm<\/li>\n<li>Fa\u00e7ades Zen Ombre<\/li>\n<li>Plan de travail 180cm stratifi\u00e9 bois<\/li>\n<li>Caissons 19mm blanc<\/li>\n<li><\/li>\n<li>Charni\u00e8res avec ralentisseurs<\/li>\n<li>Plinthes incluses<\/li>\n<li>Meubles d\u00e9j\u00e0 mont\u00e9s en usine selon les mesures demand\u00e9es. (vous serez contact\u00e9 par le fabricant pour valider les d\u00e9tails personnalisables)<\/li>\n<li>Fabrication fran\u00e7aise de <a href=\"https:\/\/conceptometre.com\">conceptometre.com<\/a> disponible sous 28 jours.<\/li>\n<\/ul>\n<blockquote><p>Livraison devant chez vous incluse dans un rayon de 50km autour d&rsquo;Aix en Provence. Au del\u00e0 un suppl\u00e9ment de 1\u20ac par km sera factur\u00e9.<\/p><\/blockquote>\n","protected":false},"excerpt":{"rendered":"<p>Description Longueur 180cm Profondeur 65cm Fa\u00e7ades Zen Ombre Plan de travail 180cm stratifi\u00e9 bois Caissons 19mm blanc Charni\u00e8res avec ralentisseurs Plinthes incluses Meubles d\u00e9j\u00e0 mont\u00e9s en usine selon les mesures demand\u00e9es. (vous serez contact\u00e9 par le fabricant pour valider les d\u00e9tails personnalisables) Fabrication fran\u00e7aise de conceptometre.com disponible sous 28 jours. Livraison devant chez vous incluse [&hellip;]<\/p>\n","protected":false},"featured_media":165,"comment_status":"closed","ping_status":"closed","template":"","meta":{"jetpack_publicize_message":"","jetpack_is_tweetstorm":false,"jetpack_publicize_feature_enabled":true,"jetpack_social_post_already_shared":false,"jetpack_social_options":{"image_generator_settings":{"template":"highway","enabled":false}}},"product_cat":[34],"product_tag":[57,59,61,62,60],"jetpack_publicize_connections":[],"_links":{"self":[{"href":"https:\/\/clickstop.fr\/index.php\/wp-json\/wp\/v2\/product\/164"}],"collection":[{"href":"https:\/\/clickstop.fr\/index.php\/wp-json\/wp\/v2\/product"}],"about":[{"href":"https:\/\/clickstop.fr\/index.php\/wp-json\/wp\/v2\/types\/product"}],"replies":[{"embeddable":true,"href":"https:\/\/clickstop.fr\/index.php\/wp-json\/wp\/v2\/comments?post=164"}],"wp:featuredmedia":[{"embeddable":true,"href":"https:\/\/clickstop.fr\/index.php\/wp-json\/wp\/v2\/media\/165"}],"wp:attachment":[{"href":"https:\/\/clickstop.fr\/index.php\/wp-json\/wp\/v2\/media?parent=164"}],"wp:term":[{"taxonomy":"product_cat","embeddable":true,"href":"https:\/\/clickstop.fr\/index.php\/wp-json\/wp\/v2\/product_cat?post=164"},{"taxonomy":"product_tag","embeddable":true,"href":"https:\/\/clickstop.fr\/index.php\/wp-json\/wp\/v2\/product_tag?post=164"}],"curies":[{"name":"wp","href":"https:\/\/api.w.org\/{rel}","templated":true}]}}