{"id":161,"date":"2022-08-28T14:01:39","date_gmt":"2022-08-28T12:01:39","guid":{"rendered":"https:\/\/clickstop.fr\/?post_type=product&#038;p=161"},"modified":"2026-01-16T15:23:47","modified_gmt":"2026-01-16T14:23:47","slug":"cuisine-n-240","status":"publish","type":"product","link":"https:\/\/clickstop.fr\/index.php\/produit\/cuisine-n-240\/","title":{"rendered":"cuisine N 240"},"content":{"rendered":"<ul>\n<li>Cette cuisine est propos\u00e9e ici fabriqu\u00e9e \u00e0 vos mesures.<\/li>\n<li>Longueur maximale 240cm<\/li>\n<li>Profondeur 65cm<\/li>\n<li>Fa\u00e7ades Zen Ombre<\/li>\n<li>Plan de travail\u00a0 stratifi\u00e9 bois sur mesure<\/li>\n<li>Caissons 19mm blanc<\/li>\n<li>Coulissants Blum \u00e0 amortisseurs<\/li>\n<li>Charni\u00e8res avec ralentisseurs<\/li>\n<li>Plinthes incluses<\/li>\n<li>Meubles d\u00e9j\u00e0 mont\u00e9s en usine selon les mesures demand\u00e9es. (vous serez contact\u00e9 par le fabricant pour valider vos mesures)<\/li>\n<li>Fabrication fran\u00e7aise de <a href=\"https:\/\/conceptometre.com\">conceptometre.com<\/a> disponible sous 28 jours.<\/li>\n<\/ul>\n<blockquote><p>Livraison devant chez vous incluse dans un rayon de 50km autour d&rsquo;Aix en Provence. Au del\u00e0 un suppl\u00e9ment de 1\u20ac par km sera factur\u00e9.<\/p><\/blockquote>\n","protected":false},"excerpt":{"rendered":"<p>Cette cuisine est propos\u00e9e ici fabriqu\u00e9e \u00e0 vos mesures. Longueur maximale 240cm Profondeur 65cm Fa\u00e7ades Zen Ombre Plan de travail\u00a0 stratifi\u00e9 bois sur mesure Caissons 19mm blanc Coulissants Blum \u00e0 amortisseurs Charni\u00e8res avec ralentisseurs Plinthes incluses Meubles d\u00e9j\u00e0 mont\u00e9s en usine selon les mesures demand\u00e9es. (vous serez contact\u00e9 par le fabricant pour valider vos mesures) [&hellip;]<\/p>\n","protected":false},"featured_media":162,"comment_status":"closed","ping_status":"closed","template":"","meta":{"jetpack_publicize_message":"","jetpack_is_tweetstorm":false,"jetpack_publicize_feature_enabled":true,"jetpack_social_post_already_shared":false,"jetpack_social_options":{"image_generator_settings":{"template":"highway","enabled":false}}},"product_cat":[34],"product_tag":[58,57,59,61,62,60],"jetpack_publicize_connections":[],"_links":{"self":[{"href":"https:\/\/clickstop.fr\/index.php\/wp-json\/wp\/v2\/product\/161"}],"collection":[{"href":"https:\/\/clickstop.fr\/index.php\/wp-json\/wp\/v2\/product"}],"about":[{"href":"https:\/\/clickstop.fr\/index.php\/wp-json\/wp\/v2\/types\/product"}],"replies":[{"embeddable":true,"href":"https:\/\/clickstop.fr\/index.php\/wp-json\/wp\/v2\/comments?post=161"}],"wp:featuredmedia":[{"embeddable":true,"href":"https:\/\/clickstop.fr\/index.php\/wp-json\/wp\/v2\/media\/162"}],"wp:attachment":[{"href":"https:\/\/clickstop.fr\/index.php\/wp-json\/wp\/v2\/media?parent=161"}],"wp:term":[{"taxonomy":"product_cat","embeddable":true,"href":"https:\/\/clickstop.fr\/index.php\/wp-json\/wp\/v2\/product_cat?post=161"},{"taxonomy":"product_tag","embeddable":true,"href":"https:\/\/clickstop.fr\/index.php\/wp-json\/wp\/v2\/product_tag?post=161"}],"curies":[{"name":"wp","href":"https:\/\/api.w.org\/{rel}","templated":true}]}}