{"id":2,"date":"2022-07-14T23:30:47","date_gmt":"2022-07-14T23:30:47","guid":{"rendered":"http:\/\/163.172.52.94\/woocomm\/?page_id=2"},"modified":"2026-01-10T10:34:53","modified_gmt":"2026-01-10T09:34:53","slug":"sample-page","status":"publish","type":"page","link":"https:\/\/clickstop.fr\/index.php\/sample-page\/","title":{"rendered":"Fonctionnement"},"content":{"rendered":"\n<p>Le prix des produits baisse \u00e0 chaque minute uniquement quand il y a des spectateurs sur la page du produit. <\/p>\n\n\n\n<p><strong>(pensez \u00e0 rafra\u00eechir votre page si vous ne voyez pas le compteur en activit\u00e9)<\/strong><\/p>\n\n\n\n<p><em>Le prix de base initial est le prix public du catalogue fournisseur souvent plus \u00e9lev\u00e9 que les promotions diffus\u00e9es sur les sites web<\/em>, <em>il vous appartient donc d&rsquo;acheter le produit quand il atteint un prix int\u00e9ressant.<\/em><\/p>\n\n\n\n<p>Chaque produit en cours de baisse de prix est attribu\u00e9 au premier qui bloque l&rsquo;affaire par le paiement d&rsquo;une caution de 5% du prix affich\u00e9. <em>(Sans paiement du solde restant sous 7 jours le produit sera remis en vente et votre caution sera d\u00e9finitivement perdue)<\/em><\/p>\n\n\n\n<p><\/p>\n\n\n\n<blockquote class=\"wp-block-quote\"><p>C&rsquo;est aussi simple que \u00e7a !<\/p><\/blockquote>\n\n\n\n<p><\/p>\n\n\n\n<p><\/p>\n","protected":false},"excerpt":{"rendered":"<p>Le prix des produits baisse \u00e0 chaque minute uniquement quand il y a des spectateurs sur la page du produit. (pensez \u00e0 rafra\u00eechir votre page si vous ne voyez pas le compteur en activit\u00e9) Le prix de base initial est le prix public du catalogue fournisseur souvent plus \u00e9lev\u00e9 que les promotions diffus\u00e9es sur les [&hellip;]<\/p>\n","protected":false},"author":1,"featured_media":0,"parent":0,"menu_order":0,"comment_status":"closed","ping_status":"open","template":"","meta":[],"_links":{"self":[{"href":"https:\/\/clickstop.fr\/index.php\/wp-json\/wp\/v2\/pages\/2"}],"collection":[{"href":"https:\/\/clickstop.fr\/index.php\/wp-json\/wp\/v2\/pages"}],"about":[{"href":"https:\/\/clickstop.fr\/index.php\/wp-json\/wp\/v2\/types\/page"}],"author":[{"embeddable":true,"href":"https:\/\/clickstop.fr\/index.php\/wp-json\/wp\/v2\/users\/1"}],"replies":[{"embeddable":true,"href":"https:\/\/clickstop.fr\/index.php\/wp-json\/wp\/v2\/comments?post=2"}],"version-history":[{"count":10,"href":"https:\/\/clickstop.fr\/index.php\/wp-json\/wp\/v2\/pages\/2\/revisions"}],"predecessor-version":[{"id":761,"href":"https:\/\/clickstop.fr\/index.php\/wp-json\/wp\/v2\/pages\/2\/revisions\/761"}],"wp:attachment":[{"href":"https:\/\/clickstop.fr\/index.php\/wp-json\/wp\/v2\/media?parent=2"}],"curies":[{"name":"wp","href":"https:\/\/api.w.org\/{rel}","templated":true}]}}