{"id":134,"date":"2022-08-20T15:11:51","date_gmt":"2022-08-20T13:11:51","guid":{"rendered":"https:\/\/clickstop.fr\/index.php\/clients\/"},"modified":"2026-01-10T10:28:21","modified_gmt":"2026-01-10T09:28:21","slug":"clients","status":"publish","type":"page","link":"https:\/\/clickstop.fr\/index.php\/clients\/","title":{"rendered":"Vendre sur ClickStop.fr"},"content":{"rendered":"\n<p>Pour vendre un produit neuf sur ClickStop.fr vous devez \u00eatre inscrit sur ClickStop.fr et respecter les lois fran\u00e7aises et celles de clickstop.fr <\/p>\n\n\n\n<p class=\"has-text-align-left\">Votre publication doit respecter les donn\u00e9es qui suivent :<br><br><strong>La Photo ou les photos<\/strong> du produit \u00e0 vendre<br><strong>Le descriptif<\/strong> le plus complet possible <br><strong>Le prix de d\u00e9part<\/strong> : Prix r\u00e9el du produit <strong>sans sur\u00e9valuation <\/strong><br><strong>Le rythme de baisse de prix<\/strong> : 1% par minute en moyenne.<br><strong>Votre produit n&rsquo;a pas trouv\u00e9 preneur<\/strong> : Vous pouvez le retirer si le prix devient trop bas et programmer un nouveau passage en ligne plus tard.<br><br><strong>Les \u00e9tiquettes<\/strong> : Vous pouvez ajouter des mots cl\u00e9s pour augmenter encore votre visibilit\u00e9 sur les moteurs de recherches.<br><br><a href=\"https:\/\/clickstop.fr\/index.php\/vendor_dashboard\/\">Votre tableau de bord vendeur est ici<\/a><\/p>\n\n\n\n<p>Fonctionnement : <br>La Publication et la gestion de votre boutique est gratuite.<br>ClickStop pr\u00e9l\u00e8ve 5% de frais uniquement les ventes r\u00e9alis\u00e9es sur clickStop.fr <br>Le solde doit vous \u00eatre r\u00e9gl\u00e9 directement par le client remportant l&rsquo;encher sous 7 jours. <br>En cas de non paiement, la vente sera consid\u00e9r\u00e9e comme annul\u00e9e.<\/p>\n\n\n\n<p>La modalit\u00e9 par d\u00e9faut est l&rsquo;enl\u00e8vement sur site, mais vous pouvez proposer la livraison dans le descriptif de votre publication.<br><br><br>Bonnes ventes <\/p>\n\n\n<p><\/p>\n\n\n<p><\/p>\n","protected":false},"excerpt":{"rendered":"<p>Pour vendre un produit neuf sur ClickStop.fr vous devez \u00eatre inscrit sur ClickStop.fr et respecter les lois fran\u00e7aises et celles de clickstop.fr Votre publication doit respecter les donn\u00e9es qui suivent : La Photo ou les photos du produit \u00e0 vendreLe descriptif le plus complet possible Le prix de d\u00e9part : Prix r\u00e9el du produit sans [&hellip;]<\/p>\n","protected":false},"author":1,"featured_media":0,"parent":0,"menu_order":0,"comment_status":"closed","ping_status":"closed","template":"","meta":[],"_links":{"self":[{"href":"https:\/\/clickstop.fr\/index.php\/wp-json\/wp\/v2\/pages\/134"}],"collection":[{"href":"https:\/\/clickstop.fr\/index.php\/wp-json\/wp\/v2\/pages"}],"about":[{"href":"https:\/\/clickstop.fr\/index.php\/wp-json\/wp\/v2\/types\/page"}],"author":[{"embeddable":true,"href":"https:\/\/clickstop.fr\/index.php\/wp-json\/wp\/v2\/users\/1"}],"replies":[{"embeddable":true,"href":"https:\/\/clickstop.fr\/index.php\/wp-json\/wp\/v2\/comments?post=134"}],"version-history":[{"count":13,"href":"https:\/\/clickstop.fr\/index.php\/wp-json\/wp\/v2\/pages\/134\/revisions"}],"predecessor-version":[{"id":759,"href":"https:\/\/clickstop.fr\/index.php\/wp-json\/wp\/v2\/pages\/134\/revisions\/759"}],"wp:attachment":[{"href":"https:\/\/clickstop.fr\/index.php\/wp-json\/wp\/v2\/media?parent=134"}],"curies":[{"name":"wp","href":"https:\/\/api.w.org\/{rel}","templated":true}]}}